{"id":1086,"date":"2015-06-19T16:03:17","date_gmt":"2015-06-19T16:03:17","guid":{"rendered":"http:\/\/elfodavide.it\/?page_id=1086"},"modified":"2015-06-19T16:03:17","modified_gmt":"2015-06-19T16:03:17","slug":"privacy-e-cookie","status":"publish","type":"page","link":"https:\/\/elfodavide.it\/?page_id=1086","title":{"rendered":"Privacy e Cookie"},"content":{"rendered":"<p>Questo sito utilizza cookie tecnici e statistici di terze parti.<\/p>\n<p>Non sono utilizzato cookie di profilazione diretti o di terze parti poich\u00e9 non vi \u00e8 alcun tipo di pubblicit\u00e0 diretta o indiretta.<\/p>\n<p>&nbsp;<\/p>\n","protected":false},"excerpt":{"rendered":"<p>Questo sito utilizza cookie tecnici e statistici di terze parti. Non sono utilizzato cookie di profilazione diretti o di terze parti poich\u00e9 non vi \u00e8 alcun tipo di pubblicit\u00e0 diretta o indiretta. &nbsp;<\/p>\n","protected":false},"author":1,"featured_media":0,"parent":0,"menu_order":0,"comment_status":"open","ping_status":"open","template":"","meta":{"footnotes":""},"class_list":["post-1086","page","type-page","status-publish","hentry"],"jetpack_shortlink":"https:\/\/wp.me\/P1f9Jc-hw","_links":{"self":[{"href":"https:\/\/elfodavide.it\/index.php?rest_route=\/wp\/v2\/pages\/1086","targetHints":{"allow":["GET"]}}],"collection":[{"href":"https:\/\/elfodavide.it\/index.php?rest_route=\/wp\/v2\/pages"}],"about":[{"href":"https:\/\/elfodavide.it\/index.php?rest_route=\/wp\/v2\/types\/page"}],"author":[{"embeddable":true,"href":"https:\/\/elfodavide.it\/index.php?rest_route=\/wp\/v2\/users\/1"}],"replies":[{"embeddable":true,"href":"https:\/\/elfodavide.it\/index.php?rest_route=%2Fwp%2Fv2%2Fcomments&post=1086"}],"version-history":[{"count":1,"href":"https:\/\/elfodavide.it\/index.php?rest_route=\/wp\/v2\/pages\/1086\/revisions"}],"predecessor-version":[{"id":1087,"href":"https:\/\/elfodavide.it\/index.php?rest_route=\/wp\/v2\/pages\/1086\/revisions\/1087"}],"wp:attachment":[{"href":"https:\/\/elfodavide.it\/index.php?rest_route=%2Fwp%2Fv2%2Fmedia&parent=1086"}],"curies":[{"name":"wp","href":"https:\/\/api.w.org\/{rel}","templated":true}]}}